{"id":4312,"date":"2020-11-14T10:00:36","date_gmt":"2020-11-14T09:00:36","guid":{"rendered":"https:\/\/store.balfego.com\/?product=morrillo-de-atun-rojo"},"modified":"2026-04-01T08:26:02","modified_gmt":"2026-04-01T07:26:02","slug":"morrillo-de-atun-rojo","status":"publish","type":"product","link":"https:\/\/store.balfego.com\/ca\/producto\/morrillo-de-atun-rojo\/","title":{"rendered":"Clatell de tonyina roja"},"content":{"rendered":"<p>&nbsp;<\/p>\n<p><iframe loading=\"lazy\" title=\"Com descongelar un saku de tonyina roja Balfeg\u00f3\" width=\"1080\" height=\"608\" src=\"https:\/\/www.youtube.com\/embed\/GhvmbnDFPhg?feature=oembed&#038;enablejsapi=1&#038;origin=https:\/\/store.balfego.com\" frameborder=\"0\" allow=\"accelerometer; autoplay; clipboard-write; encrypted-media; gyroscope; picture-in-picture; web-share\" referrerpolicy=\"strict-origin-when-cross-origin\" allowfullscreen><\/iframe><\/p>\n<p><strong>Declaracions nutricionals i de propietats saludables:<\/strong><\/p>\n<ul>\n<li>Alt contingut en \u00e0cids grassos omega-3, que ajuden a mantenir uns nivells normals de triglic\u00e8rids en sang.<\/li>\n<li>Alt contingut en vitamina A, que contribueix al funcionament normal del sistema immunitari, al manteniment de les mucoses, de la pell i de la visi\u00f3 en condicions normals, i al metabolisme normal del ferro.<\/li>\n<li>Alt contingut en niacina (vitamina B3), que contribueix al funcionament normal del metabolisme energ\u00e8tic, del sistema nervi\u00f3s i de la funci\u00f3 psicol\u00f2gica, al manteniment de les mucoses i la pell en condicions normals, i ajuda a disminuir el cansament i la fatiga.<\/li>\n<li>Alt contingut en vitamina B12, que contribueix al funcionament normal del sistema immunol\u00f2gic, del sistema nervi\u00f3s, del metabolisme energ\u00e8tic, de la funci\u00f3 psicol\u00f2gica, i ajuda a disminuir el cansament i la fatiga.<\/li>\n<li>Alt contingut en seleni, que contribueix al funcionament normal del sistema immunol\u00f2gic i de la funci\u00f3 tiroidal, a la protecci\u00f3 de les c\u00e8l\u00b7lules davant l\u2019estr\u00e8s oxidatiu, i al manteniment del cabell i ungles en condicions normals.<\/li>\n<\/ul>\n<p><strong>\u00a0Informaci\u00f3 nutricional:<\/strong><\/p>\n<p><img loading=\"lazy\" decoding=\"async\" class=\"alignnone wp-image-4318\" src=\"https:\/\/store.balfego.com\/wp-content\/uploads\/2020\/04\/Taula-nutricional-clatell-300x253.png\" alt=\"\" width=\"426\" height=\"359\" title=\"\" srcset=\"https:\/\/store.balfego.com\/wp-content\/uploads\/2020\/04\/Taula-nutricional-clatell-300x253.png 300w, https:\/\/store.balfego.com\/wp-content\/uploads\/2020\/04\/Taula-nutricional-clatell-1024x863.png 1024w, https:\/\/store.balfego.com\/wp-content\/uploads\/2020\/04\/Taula-nutricional-clatell-768x648.png 768w, https:\/\/store.balfego.com\/wp-content\/uploads\/2020\/04\/Taula-nutricional-clatell-615x519.png 615w, https:\/\/store.balfego.com\/wp-content\/uploads\/2020\/04\/Taula-nutricional-clatell-560x472.png 560w, https:\/\/store.balfego.com\/wp-content\/uploads\/2020\/04\/Taula-nutricional-clatell.png 1466w\" sizes=\"auto, (max-width: 426px) 100vw, 426px\" \/><\/p>\n","protected":false},"excerpt":{"rendered":"<p><span data-contrast=\"none\">Tall mel\u00f3s i equilibrat \u00b7 Ideal a la brasa o planxa \u00b7 Suc\u00f3s i intens<\/span><span data-ccp-props=\"{&quot;134245417&quot;:false,&quot;201341983&quot;:0,&quot;335551550&quot;:6,&quot;335551620&quot;:6,&quot;335559739&quot;:0,&quot;335559740&quot;:360}\">\u00a0<\/span><\/p>\n<p><span data-contrast=\"none\">El\u202f<\/span><b><span data-contrast=\"none\">clatell de tonyina roja de Balfeg\u00f3<\/span><\/b> \u00e9s un tall especialment apreciat <span data-contrast=\"none\">per la seva\u202f<\/span><b><span data-contrast=\"none\">melositat\u00a0i\u00a0noblesa<\/span><\/b><span data-contrast=\"none\">, amb un equilibri perfecte entre carn magra i infiltraci\u00f3 de greix. La seva textura suau i el seu sabor profund el converteixen en una pe\u00e7a ideal per gaudir de la tonyina roja en la seva m\u00e0xima expressi\u00f3.<\/span><\/p>\n<p><b><span data-contrast=\"none\">Tecnologia Superfrozen \u201360\u00b0C. <\/span><\/b><span data-contrast=\"none\">Mitjan\u00e7ant un proc\u00e9s d\u2019ultracongelaci\u00f3 immediata a \u201360\u00b0C, preservem intactes totes les qualitats de la tonyina roja. Aquesta tecnologia permet conservar la seva textura, el color natural i la intensitat del sabor, mantenint totes les propietats organol\u00e8ptiques del producte com acabat de tallar.<\/span><span data-ccp-props=\"{&quot;134245417&quot;:false,&quot;201341983&quot;:0,&quot;335551550&quot;:6,&quot;335551620&quot;:6,&quot;335559739&quot;:0,&quot;335559740&quot;:360}\">\u00a0<\/span><\/p>\n<p><span data-contrast=\"none\">Aquest\u00a0tall\u00a0presenta un\u202f<\/span><b><span data-contrast=\"none\">percentatge\u00a0de\u00a0greix\u00a0similar al de la ventresca<\/span><\/b><span data-contrast=\"none\">,\u00a0fet\u00a0que\u00a0li\u00a0aporta una textura\u00a0especialment\u00a0sucosa i saborosa.<\/span><span data-ccp-props=\"{&quot;134245417&quot;:false,&quot;201341983&quot;:0,&quot;335551550&quot;:6,&quot;335551620&quot;:6,&quot;335559739&quot;:0,&quot;335559740&quot;:360}\">\u00a0<\/span><\/p>\n<p><span data-contrast=\"none\">\u00c9s\u00a0ideal per\u00a0preparacions\u202f<\/span><b><span data-contrast=\"none\">a la\u00a0planxa, brasa o tataki<\/span><\/b><span data-contrast=\"none\">,\u00a0on\u00a0desenvolupa\u00a0tota la\u00a0seva\u00a0intensitat\u00a0i\u00a0melositat.<\/span><span data-ccp-props=\"{&quot;134245417&quot;:false,&quot;201341983&quot;:0,&quot;335551550&quot;:6,&quot;335551620&quot;:6,&quot;335559739&quot;:0,&quot;335559740&quot;:360}\">\u00a0<\/span><\/p>\n","protected":false},"featured_media":32757,"comment_status":"open","ping_status":"closed","template":"","meta":{"_acf_changed":false},"product_brand":[],"product_cat":[178,74],"product_tag":[40,41,36],"class_list":{"0":"post-4312","1":"product","2":"type-product","3":"status-publish","4":"has-post-thumbnail","6":"product_cat-talls-exclusius","7":"product_cat-tonyina-congelada","8":"product_tag-morrillo-ca","9":"product_tag-producto-premium-ca","10":"product_tag-calidad-balfego-ca","12":"first","13":"instock","14":"taxable","15":"shipping-taxable","16":"purchasable","17":"product-type-simple"},"acf":[],"_links":{"self":[{"href":"https:\/\/store.balfego.com\/ca\/wp-json\/wp\/v2\/product\/4312","targetHints":{"allow":["GET"]}}],"collection":[{"href":"https:\/\/store.balfego.com\/ca\/wp-json\/wp\/v2\/product"}],"about":[{"href":"https:\/\/store.balfego.com\/ca\/wp-json\/wp\/v2\/types\/product"}],"replies":[{"embeddable":true,"href":"https:\/\/store.balfego.com\/ca\/wp-json\/wp\/v2\/comments?post=4312"}],"wp:featuredmedia":[{"embeddable":true,"href":"https:\/\/store.balfego.com\/ca\/wp-json\/wp\/v2\/media\/32757"}],"wp:attachment":[{"href":"https:\/\/store.balfego.com\/ca\/wp-json\/wp\/v2\/media?parent=4312"}],"wp:term":[{"taxonomy":"product_brand","embeddable":true,"href":"https:\/\/store.balfego.com\/ca\/wp-json\/wp\/v2\/product_brand?post=4312"},{"taxonomy":"product_cat","embeddable":true,"href":"https:\/\/store.balfego.com\/ca\/wp-json\/wp\/v2\/product_cat?post=4312"},{"taxonomy":"product_tag","embeddable":true,"href":"https:\/\/store.balfego.com\/ca\/wp-json\/wp\/v2\/product_tag?post=4312"}],"curies":[{"name":"wp","href":"https:\/\/api.w.org\/{rel}","templated":true}]}}