{"id":26836,"date":"2023-12-13T09:17:19","date_gmt":"2023-12-13T08:17:19","guid":{"rendered":"https:\/\/store.balfego.com\/?post_type=product&#038;p=26836"},"modified":"2026-04-07T14:37:06","modified_gmt":"2026-04-07T13:37:06","slug":"galete-de-tonyina-roja","status":"publish","type":"product","link":"https:\/\/store.balfego.com\/ca\/producto\/galete-de-tonyina-roja\/","title":{"rendered":"Galet de Tonyina Roja"},"content":{"rendered":"","protected":false},"excerpt":{"rendered":"<p><strong>Tall\u00a0gelatin\u00f3s\u00a0\u00b7 Ideal per\u00a0coccions\u00a0lentes \u00b7\u00a0Mel\u00f3s\u00a0i\u00a0profund\u00a0<\/strong><\/p>\n<p><span data-contrast=\"none\">El\u202f<\/span><b><span data-contrast=\"none\">galet\u00a0de\u00a0tonyina\u00a0roja<\/span><\/b><span data-contrast=\"none\">\u202f\u00e9s un tall especialment apreciat per a coccions lentes, ja que les seves fibres i cart\u00edlags es tornen extraordin\u00e0riament\u202f<\/span><b><span data-contrast=\"none\">melosos i\u00a0plens\u00a0de sabor<\/span><\/b><span data-contrast=\"none\">\u202fquan\u00a0es\u00a0cuinen.<\/span><span data-ccp-props=\"{&quot;134245417&quot;:false,&quot;201341983&quot;:0,&quot;335551550&quot;:6,&quot;335551620&quot;:6,&quot;335559739&quot;:0,&quot;335559740&quot;:360}\">\u00a0<\/span><\/p>\n<p><b><span data-contrast=\"none\">Tecnologia Superfrozen \u201360\u00b0C<\/span><\/b>.<span data-contrast=\"none\">\u00a0<\/span><span data-contrast=\"none\">Mitjan\u00e7ant un proc\u00e9s d\u2019ultracongelaci\u00f3 immediata a \u201360\u00b0C, preservem intactes totes les qualitats de la tonyina roja. Aquesta tecnologia permet conservar la seva textura, el color natural i la intensitat del sabor, mantenint totes les propietats organol\u00e8ptiques del producte com acabat de tallar.<\/span><span data-ccp-props=\"{&quot;134245417&quot;:false,&quot;201341983&quot;:0,&quot;335551550&quot;:6,&quot;335551620&quot;:6,&quot;335559739&quot;:0,&quot;335559740&quot;:360}\">\u00a0<\/span><\/p>\n<p><span data-contrast=\"none\">\u00c9s\u00a0ideal per preparar\u202f<\/span><b><span data-contrast=\"none\">al\u00a0forn,\u00a0guisat,\u00a0estofat\u00a0o\u00a0confitat<\/span><\/b><span data-contrast=\"none\">, i tamb\u00e9 funciona perfectament <\/span><span data-contrast=\"none\">en\u202f<\/span><b><span data-contrast=\"none\">arrossos<\/span><\/b><span data-contrast=\"none\">,\u00a0on\u00a0aporta\u00a0profunditat\u00a0i\u00a0intensitat\u00a0de sabor.<\/span><span data-ccp-props=\"{&quot;134245417&quot;:false,&quot;201341983&quot;:0,&quot;335551550&quot;:6,&quot;335551620&quot;:6,&quot;335559739&quot;:0,&quot;335559740&quot;:360}\">\u00a0<\/span><\/p>\n","protected":false},"featured_media":26814,"comment_status":"open","ping_status":"closed","template":"","meta":{"_acf_changed":false},"product_brand":[],"product_cat":[178,74],"product_tag":[],"class_list":{"0":"post-26836","1":"product","2":"type-product","3":"status-publish","4":"has-post-thumbnail","6":"product_cat-talls-exclusius","7":"product_cat-tonyina-congelada","9":"first","10":"instock","11":"taxable","12":"shipping-taxable","13":"purchasable","14":"product-type-simple"},"acf":[],"_links":{"self":[{"href":"https:\/\/store.balfego.com\/ca\/wp-json\/wp\/v2\/product\/26836","targetHints":{"allow":["GET"]}}],"collection":[{"href":"https:\/\/store.balfego.com\/ca\/wp-json\/wp\/v2\/product"}],"about":[{"href":"https:\/\/store.balfego.com\/ca\/wp-json\/wp\/v2\/types\/product"}],"replies":[{"embeddable":true,"href":"https:\/\/store.balfego.com\/ca\/wp-json\/wp\/v2\/comments?post=26836"}],"wp:featuredmedia":[{"embeddable":true,"href":"https:\/\/store.balfego.com\/ca\/wp-json\/wp\/v2\/media\/26814"}],"wp:attachment":[{"href":"https:\/\/store.balfego.com\/ca\/wp-json\/wp\/v2\/media?parent=26836"}],"wp:term":[{"taxonomy":"product_brand","embeddable":true,"href":"https:\/\/store.balfego.com\/ca\/wp-json\/wp\/v2\/product_brand?post=26836"},{"taxonomy":"product_cat","embeddable":true,"href":"https:\/\/store.balfego.com\/ca\/wp-json\/wp\/v2\/product_cat?post=26836"},{"taxonomy":"product_tag","embeddable":true,"href":"https:\/\/store.balfego.com\/ca\/wp-json\/wp\/v2\/product_tag?post=26836"}],"curies":[{"name":"wp","href":"https:\/\/api.w.org\/{rel}","templated":true}]}}