{"id":25693,"date":"2020-12-22T16:27:54","date_gmt":"2020-12-22T15:27:54","guid":{"rendered":"https:\/\/store.balfego.com\/?post_type=product&#038;p=25693"},"modified":"2026-04-07T14:37:42","modified_gmt":"2026-04-07T13:37:42","slug":"molles-de-ventresca-de-tonyina-roja","status":"publish","type":"product","link":"https:\/\/store.balfego.com\/ca\/producto\/molles-de-ventresca-de-tonyina-roja\/","title":{"rendered":"Molles de ventresca de Tonyina Roja"},"content":{"rendered":"","protected":false},"excerpt":{"rendered":"<p><strong>Ventresca seleccionada \u00b7 Ideal per amanides i aperitius \u00b7 Oli d\u2019oliva verge extra ecol\u00f2gic\u00a0<\/strong><\/p>\n<p><span data-contrast=\"none\">Les\u202f<\/span><b><span data-contrast=\"none\">molles de ventresca de\u00a0tonyina\u00a0roja\u00a0Balfeg\u00f3<\/span><\/b><span data-contrast=\"none\">\u202fofereixen tota la melositat i el sabor intens de la ventresca en una textura m\u00e9s vers\u00e0til i f\u00e0cil d\u2019utilitzar. Procedents d\u2019aquesta pe\u00e7a excepcional, s\u00f3n ideals per gaudir de la tonyina roja en preparacions senzilles i plenes de sabor.<\/span><span data-ccp-props=\"{&quot;134245417&quot;:false,&quot;201341983&quot;:0,&quot;335551550&quot;:6,&quot;335551620&quot;:6,&quot;335559739&quot;:0,&quot;335559740&quot;:360}\">\u00a0<\/span><\/p>\n<p><span data-contrast=\"none\">Elaborades amb\u202fventresca de tonyina roja,\u202foli d\u2019oliva verge extra ecol\u00f2gic\u202fi\u202fsal d\u2019A\u00f1ana, procedent del Valle Salado, una de les salines m\u00e9s antigues del m\u00f3n amb m\u00e9s de 6.500 anys d\u2019hist\u00f2ria.<\/span><span data-ccp-props=\"{&quot;134245417&quot;:false,&quot;201341983&quot;:0,&quot;335551550&quot;:6,&quot;335551620&quot;:6,&quot;335559739&quot;:0,&quot;335559740&quot;:360}\">\u00a0<\/span><\/p>\n<p><span data-contrast=\"none\">Perfectes\u00a0<\/span><b><span data-contrast=\"none\">per\u202famanides, torrades, pasta, arrossos o aperitius<\/span><\/b><span data-contrast=\"none\">,\u00a0on\u00a0aporten tota la\u00a0intensitat\u00a0i\u00a0qualitat\u00a0de la\u00a0tonyina\u00a0roja\u00a0Balfeg\u00f3.<\/span><span data-ccp-props=\"{&quot;134245417&quot;:false,&quot;201341983&quot;:0,&quot;335551550&quot;:6,&quot;335551620&quot;:6,&quot;335559739&quot;:0,&quot;335559740&quot;:360}\">\u00a0<\/span><\/p>\n","protected":false},"featured_media":25696,"comment_status":"open","ping_status":"closed","template":"","meta":{"_acf_changed":false},"product_brand":[],"product_cat":[181,104,142,143],"product_tag":[],"class_list":{"0":"post-25693","1":"product","2":"type-product","3":"status-publish","4":"has-post-thumbnail","6":"product_cat-balfego-edition","7":"product_cat-conserva-ca","8":"product_cat-destacat2","9":"product_cat-destacats","11":"first","12":"instock","13":"taxable","14":"shipping-taxable","15":"purchasable","16":"product-type-simple"},"acf":[],"_links":{"self":[{"href":"https:\/\/store.balfego.com\/ca\/wp-json\/wp\/v2\/product\/25693","targetHints":{"allow":["GET"]}}],"collection":[{"href":"https:\/\/store.balfego.com\/ca\/wp-json\/wp\/v2\/product"}],"about":[{"href":"https:\/\/store.balfego.com\/ca\/wp-json\/wp\/v2\/types\/product"}],"replies":[{"embeddable":true,"href":"https:\/\/store.balfego.com\/ca\/wp-json\/wp\/v2\/comments?post=25693"}],"wp:featuredmedia":[{"embeddable":true,"href":"https:\/\/store.balfego.com\/ca\/wp-json\/wp\/v2\/media\/25696"}],"wp:attachment":[{"href":"https:\/\/store.balfego.com\/ca\/wp-json\/wp\/v2\/media?parent=25693"}],"wp:term":[{"taxonomy":"product_brand","embeddable":true,"href":"https:\/\/store.balfego.com\/ca\/wp-json\/wp\/v2\/product_brand?post=25693"},{"taxonomy":"product_cat","embeddable":true,"href":"https:\/\/store.balfego.com\/ca\/wp-json\/wp\/v2\/product_cat?post=25693"},{"taxonomy":"product_tag","embeddable":true,"href":"https:\/\/store.balfego.com\/ca\/wp-json\/wp\/v2\/product_tag?post=25693"}],"curies":[{"name":"wp","href":"https:\/\/api.w.org\/{rel}","templated":true}]}}