{"id":17195,"date":"2022-05-11T15:03:47","date_gmt":"2022-05-11T14:03:47","guid":{"rendered":"https:\/\/store.balfego.com\/?page_id=17195"},"modified":"2022-12-19T07:22:53","modified_gmt":"2022-12-19T06:22:53","slug":"politica-de-cookies","status":"publish","type":"page","link":"https:\/\/store.balfego.com\/ca\/politica-de-cookies\/","title":{"rendered":"Pol\u00edtica de cookies"},"content":{"rendered":"\n<p><\/p>\n\n\n\n<h2 class=\"wp-block-heading\"><strong>Modificaciones de la pol\u00edtica de cookies<\/strong><\/h2>\n\n\n\n<p>Ponemos a tu disposici\u00f3n la presente Pol\u00edtica de cookies para que puedas consultarla, archivarla o imprimirla siempre que lo estimes conveniente. Es posible que la misma sufra modificaciones como consecuencia de cambios en la p\u00e1gina web o en las cookies empleadas, novedades legislativas o jurisprudenciales o el establecimiento de nuevos criterios de la Agencia Espa\u00f1ola de Protecci\u00f3n de Datos o Autoridad de Control correspondiente (<a href=\"http:\/\/www.aepd.es\" target=\"_blank\" rel=\"noopener\">www.aepd.es<\/a>). Por ello, nos reservamos el derecho a modificar la presente Pol\u00edtica de cookies en cualquier momento.<\/p>\n\n\n\n<p>Si desea contactar con nosotros respecto nuestra pol\u00edtica de cookies, puede hacerlo en&nbsp;<a href=\"mailto:protecdades@grupbalfego.com\">protecdades@grupbalfego.com<\/a>.<\/p>\n","protected":false},"excerpt":{"rendered":"<p>Modificaciones de la pol\u00edtica de cookies Ponemos a tu disposici\u00f3n la presente Pol\u00edtica de cookies para que puedas consultarla, archivarla o imprimirla siempre que lo estimes conveniente. Es posible que&#8230;<\/p>\n","protected":false},"author":1,"featured_media":0,"parent":0,"menu_order":0,"comment_status":"closed","ping_status":"closed","template":"","meta":{"_acf_changed":false,"footnotes":""},"class_list":["post-17195","page","type-page","status-publish"],"acf":[],"_links":{"self":[{"href":"https:\/\/store.balfego.com\/ca\/wp-json\/wp\/v2\/pages\/17195","targetHints":{"allow":["GET"]}}],"collection":[{"href":"https:\/\/store.balfego.com\/ca\/wp-json\/wp\/v2\/pages"}],"about":[{"href":"https:\/\/store.balfego.com\/ca\/wp-json\/wp\/v2\/types\/page"}],"author":[{"embeddable":true,"href":"https:\/\/store.balfego.com\/ca\/wp-json\/wp\/v2\/users\/1"}],"replies":[{"embeddable":true,"href":"https:\/\/store.balfego.com\/ca\/wp-json\/wp\/v2\/comments?post=17195"}],"version-history":[{"count":2,"href":"https:\/\/store.balfego.com\/ca\/wp-json\/wp\/v2\/pages\/17195\/revisions"}],"predecessor-version":[{"id":20609,"href":"https:\/\/store.balfego.com\/ca\/wp-json\/wp\/v2\/pages\/17195\/revisions\/20609"}],"wp:attachment":[{"href":"https:\/\/store.balfego.com\/ca\/wp-json\/wp\/v2\/media?parent=17195"}],"curies":[{"name":"wp","href":"https:\/\/api.w.org\/{rel}","templated":true}]}}